{"id":16,"date":"2020-07-03T15:21:26","date_gmt":"2020-07-03T15:21:26","guid":{"rendered":"http:\/\/shoutingvegetables.com\/?page_id=16"},"modified":"2020-09-07T14:16:15","modified_gmt":"2020-09-07T14:16:15","slug":"16-2","status":"publish","type":"page","link":"https:\/\/shoutingvegetables.com\/?page_id=16","title":{"rendered":"Impressum"},"content":{"rendered":"<p>Joshua David Tewalt<\/p>\n<p>Bussardweg 16<br \/>\n56075 Koblenz<\/p>\n<p>Telefon: 01782380766<br \/>\nE-Mail: exclamationis@shoutingvegetables.com<\/p>\n<p><strong>Verantwortlich f\u00fcr den Inhalt<\/strong> (gem. \u00a7 55 Abs. 2 RStV):<br \/>\nJoshua David Tewalt<br \/>\nBussardweg 16<br \/>\n56075 Koblenz<\/p>\n<p><strong>Bildrechte:<\/strong><br \/>\n\u00a9Joshua David Tewalt<\/p>\n<h2>Hinweis gem\u00e4\u00df<br \/>\nOnline-Streitbeilegungs-Verordnung<\/h2>\n<p>Nach geltendem Recht sind wir<br \/>\nverpflichtet, Verbraucher auf die Existenz der Europ\u00e4ischen<br \/>\nOnline-Streitbeilegungs-Plattform hinzuweisen, die f\u00fcr die Beilegung von<br \/>\nStreitigkeiten genutzt werden kann, ohne dass ein Gericht eingeschaltet werden<br \/>\nmuss. F\u00fcr die Einrichtung der Plattform ist die Europ\u00e4ische Kommission<br \/>\nzust\u00e4ndig. Die Europ\u00e4ische Online-Streitbeilegungs-Plattform ist hier<br \/>\nzu finden: <a href=\"http:\/\/ec.europa.eu\/odr\" target=\"_blank\" rel=\"nofollow noopener noreferrer\">http:\/\/ec.europa.eu\/odr<\/a>. Unsere E-Mail lautet: <a href=\"mailto:hej@jdt-it.de\">hej@jdt-it.de<\/a><\/p>\n<p>Wir weisen aber darauf hin,<br \/>\ndass wir nicht bereit sind, uns am Streitbeilegungsverfahren im Rahmen der<br \/>\nEurop\u00e4ischen Online-Streitbeilegungs-Plattform zu beteiligen. Nutzen Sie<br \/>\nzur Kontaktaufnahme bitte unsere obige E-Mail.<\/p>\n<h2>Disclaimer \u2013 rechtliche Hinweise<\/h2>\n<p>\u00a7 1 Warnhinweis zu Inhalten<br \/>\nDie kostenlosen und frei zug\u00e4nglichen Inhalte dieser Webseite wurden mit<br \/>\ngr\u00f6\u00dftm\u00f6glicher Sorgfalt erstellt. Der Anbieter dieser Webseite \u00fcbernimmt jedoch<br \/>\nkeine Gew\u00e4hr f\u00fcr die Richtigkeit und Aktualit\u00e4t der bereitgestellten kostenlosen<br \/>\nund frei zug\u00e4nglichen journalistischen Ratgeber und Nachrichten. Namentlich<br \/>\ngekennzeichnete Beitr\u00e4ge geben die Meinung des jeweiligen Autors und nicht immer<br \/>\ndie Meinung des Anbieters wieder. Allein durch den Aufruf der kostenlosen und<br \/>\nfrei zug\u00e4nglichen Inhalte kommt keinerlei Vertragsverh\u00e4ltnis zwischen dem Nutzer<br \/>\nund dem Anbieter zustande, insoweit fehlt es am Rechtsbindungswillen des<br \/>\nAnbieters.<\/p>\n<p>\u00a7 2 Externe Links<br \/>\nDiese Website enth\u00e4lt Verkn\u00fcpfungen zu Websites Dritter (&#8222;externe Links&#8220;). Diese Websites unterliegen der Haftung der jeweiligen Betreiber.<\/p>\n<p>\u00a7 3 Urheber- und Leistungsschutzrechte<br \/>\nDie auf dieser Website ver\u00f6ffentlichten Inhalte unterliegen dem deutschen<br \/>\nUrheber- und Leistungsschutzrecht. Jede vom deutschen Urheber- und<br \/>\nLeistungsschutzrecht nicht zugelassene Verwertung bedarf der vorherigen<br \/>\nschriftlichen Zustimmung des Anbieters oder jeweiligen Rechteinhabers. Dies gilt<br \/>\ninsbesondere f\u00fcr Vervielf\u00e4ltigung, Bearbeitung, \u00dcbersetzung, Einspeicherung,<br \/>\nVerarbeitung bzw. Wiedergabe von Inhalten in Datenbanken oder anderen<br \/>\nelektronischen Medien und Systemen. Inhalte und Rechte Dritter sind dabei als<br \/>\nsolche gekennzeichnet. Die unerlaubte Vervielf\u00e4ltigung oder Weitergabe einzelner<br \/>\nInhalte oder kompletter Seiten ist nicht gestattet und strafbar. Lediglich die<br \/>\nHerstellung von Kopien und Downloads f\u00fcr den pers\u00f6nlichen, privaten und nicht<br \/>\nkommerziellen Gebrauch ist erlaubt.<\/p>\n<p>Die Darstellung dieser Website in fremden Frames ist nur mit schriftlicher<br \/>\nErlaubnis zul\u00e4ssig.<\/p>\n<p>\u00a7 4 Besondere Nutzungsbedingungen<br \/>\nSoweit besondere Bedingungen f\u00fcr einzelne Nutzungen dieser Website von den<br \/>\nvorgenannten Paragraphen abweichen, wird an entsprechender Stelle ausdr\u00fccklich<br \/>\ndarauf hingewiesen. In diesem Falle gelten im jeweiligen Einzelfall die<br \/>\nbesonderen Nutzungsbedingungen.<\/p>\n<p>Quelle: <a href=\"https:\/\/www.juraforum.de\/impressum-generator\/\">Impressum Muster von<br \/>\nJuraForum.de<\/a><\/p>\n","protected":false},"excerpt":{"rendered":"<p>Joshua David Tewalt Bussardweg 16 56075 Koblenz Telefon: 01782380766 E-Mail: exclamationis@shoutingvegetables.com Verantwortlich f\u00fcr den Inhalt (gem. \u00a7 55 Abs. 2 RStV): Joshua David Tewalt Bussardweg 16 56075 Koblenz Bildrechte: \u00a9Joshua David Tewalt Hinweis gem\u00e4\u00df Online-Streitbeilegungs-Verordnung Nach geltendem Recht sind wir verpflichtet, Verbraucher auf die Existenz der Europ\u00e4ischen Online-Streitbeilegungs-Plattform hinzuweisen, die f\u00fcr die Beilegung von Streitigkeiten [&hellip;]<\/p>\n","protected":false},"author":1,"featured_media":0,"parent":0,"menu_order":0,"comment_status":"closed","ping_status":"closed","template":"","meta":{"footnotes":""},"class_list":["post-16","page","type-page","status-publish","hentry"],"_links":{"self":[{"href":"https:\/\/shoutingvegetables.com\/index.php?rest_route=\/wp\/v2\/pages\/16","targetHints":{"allow":["GET"]}}],"collection":[{"href":"https:\/\/shoutingvegetables.com\/index.php?rest_route=\/wp\/v2\/pages"}],"about":[{"href":"https:\/\/shoutingvegetables.com\/index.php?rest_route=\/wp\/v2\/types\/page"}],"author":[{"embeddable":true,"href":"https:\/\/shoutingvegetables.com\/index.php?rest_route=\/wp\/v2\/users\/1"}],"replies":[{"embeddable":true,"href":"https:\/\/shoutingvegetables.com\/index.php?rest_route=%2Fwp%2Fv2%2Fcomments&post=16"}],"version-history":[{"count":5,"href":"https:\/\/shoutingvegetables.com\/index.php?rest_route=\/wp\/v2\/pages\/16\/revisions"}],"predecessor-version":[{"id":42,"href":"https:\/\/shoutingvegetables.com\/index.php?rest_route=\/wp\/v2\/pages\/16\/revisions\/42"}],"wp:attachment":[{"href":"https:\/\/shoutingvegetables.com\/index.php?rest_route=%2Fwp%2Fv2%2Fmedia&parent=16"}],"curies":[{"name":"wp","href":"https:\/\/api.w.org\/{rel}","templated":true}]}}